
{"id":13134,"date":"2021-08-27T12:19:47","date_gmt":"2021-08-27T10:19:47","guid":{"rendered":"https:\/\/www.lentex.pl\/de\/?page_id=13134"},"modified":"2021-08-27T12:35:13","modified_gmt":"2021-08-27T10:35:13","slug":"serenity","status":"publish","type":"page","link":"https:\/\/www.lentex.pl\/de\/wykladziny-mieszkaniowe\/serenity\/","title":{"rendered":"Serenity"},"content":{"rendered":"<p><img loading=\"lazy\" decoding=\"async\" class=\"aligncenter size-full wp-image-12974\" src=\"https:\/\/www.lentex.pl\/de\/wp-content\/uploads\/2021\/02\/filc-warstwy.jpg\" alt=\"\" width=\"1429\" height=\"446\" srcset=\"https:\/\/www.lentex.pl\/de\/wp-content\/uploads\/2021\/02\/filc-warstwy.jpg 1429w, https:\/\/www.lentex.pl\/de\/wp-content\/uploads\/2021\/02\/filc-warstwy-300x94.jpg 300w, https:\/\/www.lentex.pl\/de\/wp-content\/uploads\/2021\/02\/filc-warstwy-1024x320.jpg 1024w, https:\/\/www.lentex.pl\/de\/wp-content\/uploads\/2021\/02\/filc-warstwy-768x240.jpg 768w, https:\/\/www.lentex.pl\/de\/wp-content\/uploads\/2021\/02\/filc-warstwy-1280x399.jpg 1280w, https:\/\/www.lentex.pl\/de\/wp-content\/uploads\/2021\/02\/filc-warstwy-160x50.jpg 160w, https:\/\/www.lentex.pl\/de\/wp-content\/uploads\/2021\/02\/filc-warstwy-256x80.jpg 256w\" sizes=\"auto, (max-width: 1429px) 100vw, 1429px\" \/><\/p>\n<p>SERENITY \u2013 a collection of high quality and durability from the Lifestyle line. It is a product with a total thickness of 2.60 mm a wear layer of 0.30 mm. The special attribute of this product is its matt surface and the mechanical embossing which emphasizes the texture of the offered patterns. The underside of the flooring is covered with black felt for increased comfort.<\/p>\n","protected":false},"excerpt":{"rendered":"<p>Bonus \u2013 beliebter mehrschichtiger elastischer Bodenbelag, 1,3 mm stark, auf dem Tr\u00e4ger aus Glasfibern und mit transparenter Nutzschicht 0,15 mm. Der Belag verbindet gute Qualit\u00e4t mit dem g\u00fcnstigen Preis.  Er ist zur Anwendung im Wohnbereich bestimmt. Eine gro\u00dfe Auswahl der Muster bietet f\u00fcr jede Raumausstattung ein passendes Muster an.<\/p>\n","protected":false},"author":2,"featured_media":12965,"parent":1068,"menu_order":94,"comment_status":"closed","ping_status":"closed","template":"page-wykladziny-kategoria.php","meta":{"_acf_changed":false,"footnotes":""},"class_list":["post-13134","page","type-page","status-publish","has-post-thumbnail","hentry"],"acf":[],"_links":{"self":[{"href":"https:\/\/www.lentex.pl\/de\/wp-json\/wp\/v2\/pages\/13134","targetHints":{"allow":["GET"]}}],"collection":[{"href":"https:\/\/www.lentex.pl\/de\/wp-json\/wp\/v2\/pages"}],"about":[{"href":"https:\/\/www.lentex.pl\/de\/wp-json\/wp\/v2\/types\/page"}],"author":[{"embeddable":true,"href":"https:\/\/www.lentex.pl\/de\/wp-json\/wp\/v2\/users\/2"}],"replies":[{"embeddable":true,"href":"https:\/\/www.lentex.pl\/de\/wp-json\/wp\/v2\/comments?post=13134"}],"version-history":[{"count":3,"href":"https:\/\/www.lentex.pl\/de\/wp-json\/wp\/v2\/pages\/13134\/revisions"}],"predecessor-version":[{"id":13143,"href":"https:\/\/www.lentex.pl\/de\/wp-json\/wp\/v2\/pages\/13134\/revisions\/13143"}],"up":[{"embeddable":true,"href":"https:\/\/www.lentex.pl\/de\/wp-json\/wp\/v2\/pages\/1068"}],"wp:featuredmedia":[{"embeddable":true,"href":"https:\/\/www.lentex.pl\/de\/wp-json\/wp\/v2\/media\/12965"}],"wp:attachment":[{"href":"https:\/\/www.lentex.pl\/de\/wp-json\/wp\/v2\/media?parent=13134"}],"curies":[{"name":"wp","href":"https:\/\/api.w.org\/{rel}","templated":true}]}}