
{"id":13144,"date":"2021-08-27T12:49:54","date_gmt":"2021-08-27T10:49:54","guid":{"rendered":"https:\/\/www.lentex.pl\/de\/?page_id=13144"},"modified":"2021-08-27T12:49:54","modified_gmt":"2021-08-27T10:49:54","slug":"impact","status":"publish","type":"page","link":"https:\/\/www.lentex.pl\/de\/wykladziny-mieszkaniowe\/impact\/","title":{"rendered":"Impact"},"content":{"rendered":"<p>IMPACT \u2013 its total thickness is 1.05 mm and wear layer is 0.15 mm. This PVC floor covering is easy in installation and in keeping it clean. The collection is characterized by its price competitiveness and popular designs. It will be perfect for all living spaces.<\/p>\n","protected":false},"excerpt":{"rendered":"<p>Bonus \u2013 beliebter mehrschichtiger elastischer Bodenbelag, 1,3 mm stark, auf dem Tr\u00e4ger aus Glasfibern und mit transparenter Nutzschicht 0,15 mm. Der Belag verbindet gute Qualit\u00e4t mit dem g\u00fcnstigen Preis.  Er ist zur Anwendung im Wohnbereich bestimmt. Eine gro\u00dfe Auswahl der Muster bietet f\u00fcr jede Raumausstattung ein passendes Muster an.<\/p>\n","protected":false},"author":2,"featured_media":12956,"parent":1068,"menu_order":96,"comment_status":"closed","ping_status":"closed","template":"page-wykladziny-kategoria.php","meta":{"_acf_changed":false,"footnotes":""},"class_list":["post-13144","page","type-page","status-publish","has-post-thumbnail","hentry"],"acf":[],"_links":{"self":[{"href":"https:\/\/www.lentex.pl\/de\/wp-json\/wp\/v2\/pages\/13144","targetHints":{"allow":["GET"]}}],"collection":[{"href":"https:\/\/www.lentex.pl\/de\/wp-json\/wp\/v2\/pages"}],"about":[{"href":"https:\/\/www.lentex.pl\/de\/wp-json\/wp\/v2\/types\/page"}],"author":[{"embeddable":true,"href":"https:\/\/www.lentex.pl\/de\/wp-json\/wp\/v2\/users\/2"}],"replies":[{"embeddable":true,"href":"https:\/\/www.lentex.pl\/de\/wp-json\/wp\/v2\/comments?post=13144"}],"version-history":[{"count":1,"href":"https:\/\/www.lentex.pl\/de\/wp-json\/wp\/v2\/pages\/13144\/revisions"}],"predecessor-version":[{"id":13147,"href":"https:\/\/www.lentex.pl\/de\/wp-json\/wp\/v2\/pages\/13144\/revisions\/13147"}],"up":[{"embeddable":true,"href":"https:\/\/www.lentex.pl\/de\/wp-json\/wp\/v2\/pages\/1068"}],"wp:featuredmedia":[{"embeddable":true,"href":"https:\/\/www.lentex.pl\/de\/wp-json\/wp\/v2\/media\/12956"}],"wp:attachment":[{"href":"https:\/\/www.lentex.pl\/de\/wp-json\/wp\/v2\/media?parent=13144"}],"curies":[{"name":"wp","href":"https:\/\/api.w.org\/{rel}","templated":true}]}}