
{"id":171,"date":"2016-01-10T14:26:21","date_gmt":"2016-01-10T13:26:21","guid":{"rendered":"https:\/\/www.lentex.pl\/?page_id=171"},"modified":"2016-04-28T18:49:20","modified_gmt":"2016-04-28T16:49:20","slug":"odziezowe","status":"publish","type":"page","link":"https:\/\/www.lentex.pl\/de\/odziezowe\/","title":{"rendered":"Vliesstoffe f\u00fcr die Bekleidungsindustrie"},"content":{"rendered":"<p>Lentex bietet eine breite Palette der Vliesstoffe, die f\u00fcr Bekleidungsindustrie verwendet werden. Der\u00a0gr\u00f6\u00dften Popularit\u00e4t erfreuen sich thermisch gebundene Vliesstoffe und chemisch gebundene\u00a0Vliesstoffe .<\/p>\n<p>Diese Vliesstoffe werden aus PES, PP Fasern und Mischungen PES\/VI produziert, die Produkte\u00a0k\u00f6nnen zus\u00e4tzlich durch Beschichtung mit den thermoplastischen Pulvern (LDPE, PA) oder den\u00a0thermoplastischen Pasten (PES, PA) veredelt werden. Wir besitzen in unserem Angebot auch\u00a0flauschige Vliesstoffe, die eine hervorragende F\u00fcllung f\u00fcr die Bekleidung ist.<\/p>\n","protected":false},"excerpt":{"rendered":"<p>Lentex bietet eine breite Palette der Vliesstoffe, die f\u00fcr Bekleidungsindustrie verwendet werden. Der\u00a0gr\u00f6\u00dften Popularit\u00e4t erfreuen sich thermisch gebundene Vliesstoffe und chemisch gebundene\u00a0Vliesstoffe . Diese Vliesstoffe werden aus PES, PP Fasern und Mischungen PES\/VI produziert, die Produkte\u00a0k\u00f6nnen zus\u00e4tzlich durch Beschichtung mit den thermoplastischen Pulvern (LDPE, PA) oder den\u00a0thermoplastischen Pasten (PES, PA) veredelt werden. Wir besitzen in [&hellip;]<\/p>\n","protected":false},"author":1,"featured_media":818,"parent":0,"menu_order":45,"comment_status":"closed","ping_status":"closed","template":"page-wlokniny-kategoria.php","meta":{"_acf_changed":false,"footnotes":""},"class_list":["post-171","page","type-page","status-publish","has-post-thumbnail","hentry"],"acf":[],"_links":{"self":[{"href":"https:\/\/www.lentex.pl\/de\/wp-json\/wp\/v2\/pages\/171","targetHints":{"allow":["GET"]}}],"collection":[{"href":"https:\/\/www.lentex.pl\/de\/wp-json\/wp\/v2\/pages"}],"about":[{"href":"https:\/\/www.lentex.pl\/de\/wp-json\/wp\/v2\/types\/page"}],"author":[{"embeddable":true,"href":"https:\/\/www.lentex.pl\/de\/wp-json\/wp\/v2\/users\/1"}],"replies":[{"embeddable":true,"href":"https:\/\/www.lentex.pl\/de\/wp-json\/wp\/v2\/comments?post=171"}],"version-history":[{"count":24,"href":"https:\/\/www.lentex.pl\/de\/wp-json\/wp\/v2\/pages\/171\/revisions"}],"predecessor-version":[{"id":11736,"href":"https:\/\/www.lentex.pl\/de\/wp-json\/wp\/v2\/pages\/171\/revisions\/11736"}],"wp:featuredmedia":[{"embeddable":true,"href":"https:\/\/www.lentex.pl\/de\/wp-json\/wp\/v2\/media\/818"}],"wp:attachment":[{"href":"https:\/\/www.lentex.pl\/de\/wp-json\/wp\/v2\/media?parent=171"}],"curies":[{"name":"wp","href":"https:\/\/api.w.org\/{rel}","templated":true}]}}