
{"id":23,"date":"2016-01-06T14:12:36","date_gmt":"2016-01-06T13:12:36","guid":{"rendered":"https:\/\/www.lentex.pl\/?page_id=23"},"modified":"2021-08-27T12:58:52","modified_gmt":"2021-08-27T10:58:52","slug":"bonus","status":"publish","type":"page","link":"https:\/\/www.lentex.pl\/de\/wykladziny-mieszkaniowe\/bonus\/","title":{"rendered":"Bonus"},"content":{"rendered":"<p>Bonus \u2013 beliebter mehrschichtiger elastischer Bodenbelag, 1,3 mm stark, auf dem Tr\u00e4ger aus\u00a0Glasfibern und mit transparenter Nutzschicht 0,15 mm. Der Belag verbindet gute Qualit\u00e4t mit dem\u00a0g\u00fcnstigen Preis.\u00a0 Er ist zur Anwendung im Wohnbereich bestimmt. Eine gro\u00dfe Auswahl der Muster\u00a0bietet f\u00fcr jede Raumausstattung ein passendes Muster an.<\/p>\n","protected":false},"excerpt":{"rendered":"<p>Bonus \u2013 beliebter mehrschichtiger elastischer Bodenbelag, 1,3 mm stark, auf dem Tr\u00e4ger aus Glasfibern und mit transparenter Nutzschicht 0,15 mm. Der Belag verbindet gute Qualit\u00e4t mit dem g\u00fcnstigen Preis.  Er ist zur Anwendung im Wohnbereich bestimmt. Eine gro\u00dfe Auswahl der Muster bietet f\u00fcr jede Raumausstattung ein passendes Muster an.<\/p>\n","protected":false},"author":1,"featured_media":12955,"parent":1068,"menu_order":12,"comment_status":"closed","ping_status":"closed","template":"page-wykladziny-kategoria.php","meta":{"_acf_changed":false,"footnotes":""},"class_list":["post-23","page","type-page","status-publish","has-post-thumbnail","hentry"],"acf":[],"_links":{"self":[{"href":"https:\/\/www.lentex.pl\/de\/wp-json\/wp\/v2\/pages\/23","targetHints":{"allow":["GET"]}}],"collection":[{"href":"https:\/\/www.lentex.pl\/de\/wp-json\/wp\/v2\/pages"}],"about":[{"href":"https:\/\/www.lentex.pl\/de\/wp-json\/wp\/v2\/types\/page"}],"author":[{"embeddable":true,"href":"https:\/\/www.lentex.pl\/de\/wp-json\/wp\/v2\/users\/1"}],"replies":[{"embeddable":true,"href":"https:\/\/www.lentex.pl\/de\/wp-json\/wp\/v2\/comments?post=23"}],"version-history":[{"count":19,"href":"https:\/\/www.lentex.pl\/de\/wp-json\/wp\/v2\/pages\/23\/revisions"}],"predecessor-version":[{"id":11620,"href":"https:\/\/www.lentex.pl\/de\/wp-json\/wp\/v2\/pages\/23\/revisions\/11620"}],"up":[{"embeddable":true,"href":"https:\/\/www.lentex.pl\/de\/wp-json\/wp\/v2\/pages\/1068"}],"wp:featuredmedia":[{"embeddable":true,"href":"https:\/\/www.lentex.pl\/de\/wp-json\/wp\/v2\/media\/12955"}],"wp:attachment":[{"href":"https:\/\/www.lentex.pl\/de\/wp-json\/wp\/v2\/media?parent=23"}],"curies":[{"name":"wp","href":"https:\/\/api.w.org\/{rel}","templated":true}]}}