
{"id":536,"date":"2016-01-13T11:34:29","date_gmt":"2016-01-13T10:34:29","guid":{"rendered":"https:\/\/www.lentex.pl\/?page_id=536"},"modified":"2021-08-27T13:00:21","modified_gmt":"2021-08-27T11:00:21","slug":"orion","status":"publish","type":"page","link":"https:\/\/www.lentex.pl\/de\/wykladziny-obiektowe\/orion\/","title":{"rendered":"Orion"},"content":{"rendered":"<p>Elastischer, heterogener, gesch\u00e4umter Fu\u00dfbodenbelag, 2,2 mm stark, mit der Nutzschicht 0,5 mm.\u00a0Der Bodenbelag eignet sich f\u00fcr stark beanspruchte R\u00e4ume des Wohnungsbaus, f\u00fcr \u00f6ffentliche\u00a0Geb\u00e4ude mit einem sehr intensiven Fu\u00dfg\u00e4ngerverkehr sowie f\u00fcr R\u00e4ume, die gegen statische\u00a0Elektrizit\u00e4t gesch\u00fctzt werden m\u00fcssen.<\/p>\n","protected":false},"excerpt":{"rendered":"<p>Elastischer, heterogener, gesch\u00e4umter Fu\u00dfbodenbelag, 2,2 mm stark, mit der Nutzschicht 0,5 mm.\u00a0Der Bodenbelag eignet sich f\u00fcr stark beanspruchte R\u00e4ume des Wohnungsbaus, f\u00fcr \u00f6ffentliche\u00a0Geb\u00e4ude mit einem sehr intensiven Fu\u00dfg\u00e4ngerverkehr sowie f\u00fcr R\u00e4ume, die gegen statische\u00a0Elektrizit\u00e4t gesch\u00fctzt werden m\u00fcssen.<\/p>\n","protected":false},"author":1,"featured_media":12962,"parent":7,"menu_order":47,"comment_status":"closed","ping_status":"closed","template":"page-wykladziny-kategoria.php","meta":{"_acf_changed":false,"footnotes":""},"class_list":["post-536","page","type-page","status-publish","has-post-thumbnail","hentry"],"acf":[],"_links":{"self":[{"href":"https:\/\/www.lentex.pl\/de\/wp-json\/wp\/v2\/pages\/536","targetHints":{"allow":["GET"]}}],"collection":[{"href":"https:\/\/www.lentex.pl\/de\/wp-json\/wp\/v2\/pages"}],"about":[{"href":"https:\/\/www.lentex.pl\/de\/wp-json\/wp\/v2\/types\/page"}],"author":[{"embeddable":true,"href":"https:\/\/www.lentex.pl\/de\/wp-json\/wp\/v2\/users\/1"}],"replies":[{"embeddable":true,"href":"https:\/\/www.lentex.pl\/de\/wp-json\/wp\/v2\/comments?post=536"}],"version-history":[{"count":17,"href":"https:\/\/www.lentex.pl\/de\/wp-json\/wp\/v2\/pages\/536\/revisions"}],"predecessor-version":[{"id":13155,"href":"https:\/\/www.lentex.pl\/de\/wp-json\/wp\/v2\/pages\/536\/revisions\/13155"}],"up":[{"embeddable":true,"href":"https:\/\/www.lentex.pl\/de\/wp-json\/wp\/v2\/pages\/7"}],"wp:featuredmedia":[{"embeddable":true,"href":"https:\/\/www.lentex.pl\/de\/wp-json\/wp\/v2\/media\/12962"}],"wp:attachment":[{"href":"https:\/\/www.lentex.pl\/de\/wp-json\/wp\/v2\/media?parent=536"}],"curies":[{"name":"wp","href":"https:\/\/api.w.org\/{rel}","templated":true}]}}