
{"id":538,"date":"2016-01-13T11:36:43","date_gmt":"2016-01-13T10:36:43","guid":{"rendered":"https:\/\/www.lentex.pl\/?page_id=538"},"modified":"2021-08-27T13:01:32","modified_gmt":"2021-08-27T11:01:32","slug":"orion-chips","status":"publish","type":"page","link":"https:\/\/www.lentex.pl\/de\/wykladziny-obiektowe\/orion-chips\/","title":{"rendered":"Orion Chips"},"content":{"rendered":"<p>Elastischer, heterogener, gesch\u00e4umter Bodenbelag, 2,2 mm stark, mit der Nutzschicht 0,5 mm. Die\u00a0Struktur der transparenten Nutzschicht enth\u00e4lt farbige PVC- Sp\u00e4nchen, die die Belagsoberfl\u00e4che\u00a0h\u00e4rten und darauf ein einmaliges Muster bilden. Der Bodenbelag eignet sich f\u00fcr stark beanspruchte\u00a0R\u00e4ume des Wohnungsbaus, f\u00fcr \u00f6ffentliche Geb\u00e4ude mit einem sehr intensiven Fu\u00dfg\u00e4ngerverkehr\u00a0sowie f\u00fcr R\u00e4ume, die gegen statische Elektrizit\u00e4t gesch\u00fctzt werden m\u00fcssen.<\/p>\n","protected":false},"excerpt":{"rendered":"<p>Elastischer, heterogener, gesch\u00e4umter Bodenbelag, 2,2 mm stark, mit der Nutzschicht 0,5 mm. Die\u00a0Struktur der transparenten Nutzschicht enth\u00e4lt farbige PVC- Sp\u00e4nchen, die die Belagsoberfl\u00e4che\u00a0h\u00e4rten und darauf ein einmaliges Muster bilden. Der Bodenbelag eignet sich f\u00fcr stark beanspruchte\u00a0R\u00e4ume des Wohnungsbaus, f\u00fcr \u00f6ffentliche Geb\u00e4ude mit einem sehr intensiven Fu\u00dfg\u00e4ngerverkehr\u00a0sowie f\u00fcr R\u00e4ume, die gegen statische Elektrizit\u00e4t gesch\u00fctzt werden m\u00fcssen.<\/p>\n","protected":false},"author":1,"featured_media":12961,"parent":7,"menu_order":48,"comment_status":"closed","ping_status":"closed","template":"page-wykladziny-kategoria.php","meta":{"_acf_changed":false,"footnotes":""},"class_list":["post-538","page","type-page","status-publish","has-post-thumbnail","hentry"],"acf":[],"_links":{"self":[{"href":"https:\/\/www.lentex.pl\/de\/wp-json\/wp\/v2\/pages\/538","targetHints":{"allow":["GET"]}}],"collection":[{"href":"https:\/\/www.lentex.pl\/de\/wp-json\/wp\/v2\/pages"}],"about":[{"href":"https:\/\/www.lentex.pl\/de\/wp-json\/wp\/v2\/types\/page"}],"author":[{"embeddable":true,"href":"https:\/\/www.lentex.pl\/de\/wp-json\/wp\/v2\/users\/1"}],"replies":[{"embeddable":true,"href":"https:\/\/www.lentex.pl\/de\/wp-json\/wp\/v2\/comments?post=538"}],"version-history":[{"count":18,"href":"https:\/\/www.lentex.pl\/de\/wp-json\/wp\/v2\/pages\/538\/revisions"}],"predecessor-version":[{"id":13156,"href":"https:\/\/www.lentex.pl\/de\/wp-json\/wp\/v2\/pages\/538\/revisions\/13156"}],"up":[{"embeddable":true,"href":"https:\/\/www.lentex.pl\/de\/wp-json\/wp\/v2\/pages\/7"}],"wp:featuredmedia":[{"embeddable":true,"href":"https:\/\/www.lentex.pl\/de\/wp-json\/wp\/v2\/media\/12961"}],"wp:attachment":[{"href":"https:\/\/www.lentex.pl\/de\/wp-json\/wp\/v2\/media?parent=538"}],"curies":[{"name":"wp","href":"https:\/\/api.w.org\/{rel}","templated":true}]}}