
{"id":615,"date":"2016-01-14T09:36:43","date_gmt":"2016-01-14T08:36:43","guid":{"rendered":"https:\/\/www.lentex.pl\/?page_id=615"},"modified":"2016-04-28T19:04:38","modified_gmt":"2016-04-28T17:04:38","slug":"higieniczne","status":"publish","type":"page","link":"https:\/\/www.lentex.pl\/de\/higieniczne\/","title":{"rendered":"Vliesstoffe f\u00fcr Hygienebereich"},"content":{"rendered":"<p>Wir bieten eine breite Palette von Vliesstoffen f\u00fcr hygienische Anwendung. Diese Vliesstoffe sind ein\u00a0integraler Bestandteil der t\u00e4glichen Hygiene und eine optimale Patientenversorgung in einer\u00a0wachsenden Zahl von Anwendungen. Die Vliesstoffe werden f\u00fcr die Herstellung der\u00a0Kosmetikt\u00fccher, Schutzprodukte und Verbandmittel , Hygieneartikel f\u00fcr Kinder und Erwachsene\u00a0verwendet.<\/p>\n<p>Unsere technische M\u00f6glichkeiten lassen uns die Ware sowohl in den Jumborollen als auch in\u00a0anderen gew\u00fcnschten Rollenl\u00e4ngen vorbereiten. Die einzigartigen Merkmale dieser Produkte tragen\u00a0zu ihrer immer gr\u00f6\u00dferen Anwesenheit im Alltag und ihre gro\u00dfe Vorz\u00fcge der Benutzung verursachen,\u00a0dass sie nicht mehr aus unserem Leben wegzudenken sind.<\/p>\n","protected":false},"excerpt":{"rendered":"<p>Wir bieten eine breite Palette von Vliesstoffen f\u00fcr hygienische Anwendung. Diese Vliesstoffe sind ein\u00a0integraler Bestandteil der t\u00e4glichen Hygiene und eine optimale Patientenversorgung in einer\u00a0wachsenden Zahl von Anwendungen. Die Vliesstoffe werden f\u00fcr die Herstellung der\u00a0Kosmetikt\u00fccher, Schutzprodukte und Verbandmittel , Hygieneartikel f\u00fcr Kinder und Erwachsene\u00a0verwendet. Unsere technische M\u00f6glichkeiten lassen uns die Ware sowohl in den Jumborollen als [&hellip;]<\/p>\n","protected":false},"author":1,"featured_media":10996,"parent":0,"menu_order":56,"comment_status":"closed","ping_status":"closed","template":"page-wlokniny-kategoria.php","meta":{"_acf_changed":false,"footnotes":""},"class_list":["post-615","page","type-page","status-publish","has-post-thumbnail","hentry"],"acf":[],"_links":{"self":[{"href":"https:\/\/www.lentex.pl\/de\/wp-json\/wp\/v2\/pages\/615","targetHints":{"allow":["GET"]}}],"collection":[{"href":"https:\/\/www.lentex.pl\/de\/wp-json\/wp\/v2\/pages"}],"about":[{"href":"https:\/\/www.lentex.pl\/de\/wp-json\/wp\/v2\/types\/page"}],"author":[{"embeddable":true,"href":"https:\/\/www.lentex.pl\/de\/wp-json\/wp\/v2\/users\/1"}],"replies":[{"embeddable":true,"href":"https:\/\/www.lentex.pl\/de\/wp-json\/wp\/v2\/comments?post=615"}],"version-history":[{"count":12,"href":"https:\/\/www.lentex.pl\/de\/wp-json\/wp\/v2\/pages\/615\/revisions"}],"predecessor-version":[{"id":11740,"href":"https:\/\/www.lentex.pl\/de\/wp-json\/wp\/v2\/pages\/615\/revisions\/11740"}],"wp:featuredmedia":[{"embeddable":true,"href":"https:\/\/www.lentex.pl\/de\/wp-json\/wp\/v2\/media\/10996"}],"wp:attachment":[{"href":"https:\/\/www.lentex.pl\/de\/wp-json\/wp\/v2\/media?parent=615"}],"curies":[{"name":"wp","href":"https:\/\/api.w.org\/{rel}","templated":true}]}}