
{"id":619,"date":"2016-01-14T09:43:20","date_gmt":"2016-01-14T08:43:20","guid":{"rendered":"https:\/\/www.lentex.pl\/?page_id=619"},"modified":"2018-09-06T16:38:05","modified_gmt":"2018-09-06T14:38:05","slug":"igowane-i-maty-bentonitowe","status":"publish","type":"page","link":"https:\/\/www.lentex.pl\/de\/igowane-i-maty-bentonitowe\/","title":{"rendered":"Nadelvliesstoffe und Bentonitmatten"},"content":{"rendered":"<p>Die Nadelvliesstoffe lassen sich als eine effektive und einfache Verst\u00e4rkung der Untergr\u00fcnden,\u00a0D\u00e4mmen und B\u00f6schungen einsetzen. Sie werden erfolgreich im Bau von den B\u00fcrgersteigen, Stra\u00dfen\u00a0oder Autobahnen verwendet. Sie werden h\u00e4ufig im Wasserbau und im Landbau f\u00fcr die Verst\u00e4rkung\u00a0der Untergr\u00fcnde, B\u00f6schungen, D\u00e4mmen und f\u00fcr den Schutz der Dr\u00e4nungen eingesetzt.\u00a0Bentonitmatten sind eine moderne Isolierung, die aus Schicht des Bentonitsgranulats besteht, das\u00a0im genadelten Polypropylenvliesstoff geschlossen ist.<\/p>\n<p>Die Matten werden als die Abdichtung im Hoch- und Tiefbau und als Barriere verwendet, um den\u00a0Grundwasserspiegel zu sch\u00fctzen. Die Produkte sind sicher und haben keine negativen Auswirkungen\u00a0auf die Umwelt . Ihre Montage ist schnell, einfach und sicher, und die Verwendung von Matten\u00a0erlaubt erhebliche Begrenzung des Verbrauchs von den k\u00f6rnigen Verst\u00e4rkungsmaterialien zu\u00a0reduzieren, wie zum Beispiel Kies.<\/p>\n<p>Je nach dem Kundenwunsch bieten wir genadelte Polypropylenvliesstoffe (PP) mit dem\u00a0Fl\u00e4chengewicht von 150-400 g\/m2 und Polyestervliesstoffe mit dem Fl\u00e4chengewicht von 250 bis\u00a0400 g\/m2. Die maximale Breite dieser Produkte betr\u00e4gt 3,2 m.<\/p>\n<p>Wir produzieren zwei Typen von den Bentonitmatten. Die Matte HB-3 hat das gesamte\u00a0Fl\u00e4chengewicht 3.000 g\/m2 w\u00e4hrend die Matte HB-5 das gesamte Fl\u00e4chengewicht 5.400 g\/m2 hat.\u00a0Die maximale Breite dieser Ware betr\u00e4gt 2,1 m.<\/p>\n","protected":false},"excerpt":{"rendered":"<p>Die Nadelvliesstoffe lassen sich als eine effektive und einfache Verst\u00e4rkung der Untergr\u00fcnden,\u00a0D\u00e4mmen und B\u00f6schungen einsetzen. Sie werden erfolgreich im Bau von den B\u00fcrgersteigen, Stra\u00dfen\u00a0oder Autobahnen verwendet. Sie werden h\u00e4ufig im Wasserbau und im Landbau f\u00fcr die Verst\u00e4rkung\u00a0der Untergr\u00fcnde, B\u00f6schungen, D\u00e4mmen und f\u00fcr den Schutz der Dr\u00e4nungen eingesetzt.\u00a0Bentonitmatten sind eine moderne Isolierung, die aus Schicht des [&hellip;]<\/p>\n","protected":false},"author":1,"featured_media":10997,"parent":0,"menu_order":58,"comment_status":"closed","ping_status":"closed","template":"page-wlokniny-kategoria.php","meta":{"_acf_changed":false,"footnotes":""},"class_list":["post-619","page","type-page","status-publish","has-post-thumbnail","hentry"],"acf":[],"_links":{"self":[{"href":"https:\/\/www.lentex.pl\/de\/wp-json\/wp\/v2\/pages\/619","targetHints":{"allow":["GET"]}}],"collection":[{"href":"https:\/\/www.lentex.pl\/de\/wp-json\/wp\/v2\/pages"}],"about":[{"href":"https:\/\/www.lentex.pl\/de\/wp-json\/wp\/v2\/types\/page"}],"author":[{"embeddable":true,"href":"https:\/\/www.lentex.pl\/de\/wp-json\/wp\/v2\/users\/1"}],"replies":[{"embeddable":true,"href":"https:\/\/www.lentex.pl\/de\/wp-json\/wp\/v2\/comments?post=619"}],"version-history":[{"count":11,"href":"https:\/\/www.lentex.pl\/de\/wp-json\/wp\/v2\/pages\/619\/revisions"}],"predecessor-version":[{"id":12286,"href":"https:\/\/www.lentex.pl\/de\/wp-json\/wp\/v2\/pages\/619\/revisions\/12286"}],"wp:featuredmedia":[{"embeddable":true,"href":"https:\/\/www.lentex.pl\/de\/wp-json\/wp\/v2\/media\/10997"}],"wp:attachment":[{"href":"https:\/\/www.lentex.pl\/de\/wp-json\/wp\/v2\/media?parent=619"}],"curies":[{"name":"wp","href":"https:\/\/api.w.org\/{rel}","templated":true}]}}