
{"id":623,"date":"2016-01-14T09:47:44","date_gmt":"2016-01-14T08:47:44","guid":{"rendered":"https:\/\/www.lentex.pl\/?page_id=623"},"modified":"2016-04-20T15:17:43","modified_gmt":"2016-04-20T13:17:43","slug":"puch-silikonowy","status":"publish","type":"page","link":"https:\/\/www.lentex.pl\/de\/puch-silikonowy\/","title":{"rendered":"Silikon- Faserkugel Lentex Ball"},"content":{"rendered":"<p>Faserkugel ist die moderne und leichte F\u00fcllung von den Kopfkissen, Jacken, \u201eTeddyb\u00e4ren\u201d und\u00a0anderen textilen Artikeln. Das Granulat wird aus d\u00fcnnen silikonierten PE-Fasern hergestellt, welche\u00a0in Kugeln mit ca. 0,5 cm Durchmesser formiert sind. Diese Fasern besitzen einen Luftkanal und sind\u00a0zus\u00e4tzlich spiral gekr\u00e4uselt, was R\u00e4umlichkeit des Granulats, Flaumigkeit und Elastizit\u00e4t garantiert.\u00a0Eine besonders gefragte Eigenschaft des Granulats, welche den h\u00f6chsten Komfort beim Schlaf\u00a0gew\u00e4hrt, ist seine Anapassungsf\u00e4higkeit an die Kopfform. Dem Granulat wurde das \u00f6kologische\u00a0Zertifikat verliehen, die Produkte sind antiallergisch.<\/p>\n<p>Ein anderes \u00e4hnliches Produkt ist Silikonf\u00fcllwatte, wir empfehlen diese Ware als F\u00fcllung der\u00a0Jacken, der Spielzeuge und der textilen Artikeln. Produkte mit Verwendung des Granulats k\u00f6nnen\u00a0mechanisch gewaschen werden, dabei bleiben ihre Nutzeigenschaften v\u00f6llig erhalten. Wir reagieren\u00a0auf die Bed\u00fcrfnisse der Kunden, indem wir dieses Produkt in die verschiedenen Verpackungen: 10 kg\u00a0und 25 kg packen. Diese Produkte: Silikonfaserkugeln und Silikonf\u00fcllwatte k\u00f6nnen auf Wunsch des\u00a0Kunden f\u00fcr die Zeit des Transports komprimiert werden, was die Logistik erleichtert.<\/p>\n","protected":false},"excerpt":{"rendered":"<p>Faserkugel ist die moderne und leichte F\u00fcllung von den Kopfkissen, Jacken, \u201eTeddyb\u00e4ren\u201d und\u00a0anderen textilen Artikeln. Das Granulat wird aus d\u00fcnnen silikonierten PE-Fasern hergestellt, welche\u00a0in Kugeln mit ca. 0,5 cm Durchmesser formiert sind. Diese Fasern besitzen einen Luftkanal und sind\u00a0zus\u00e4tzlich spiral gekr\u00e4uselt, was R\u00e4umlichkeit des Granulats, Flaumigkeit und Elastizit\u00e4t garantiert.\u00a0Eine besonders gefragte Eigenschaft des Granulats, welche [&hellip;]<\/p>\n","protected":false},"author":1,"featured_media":10575,"parent":0,"menu_order":60,"comment_status":"closed","ping_status":"closed","template":"page-wlokniny-kategoria.php","meta":{"_acf_changed":false,"footnotes":""},"class_list":["post-623","page","type-page","status-publish","has-post-thumbnail","hentry"],"acf":[],"_links":{"self":[{"href":"https:\/\/www.lentex.pl\/de\/wp-json\/wp\/v2\/pages\/623","targetHints":{"allow":["GET"]}}],"collection":[{"href":"https:\/\/www.lentex.pl\/de\/wp-json\/wp\/v2\/pages"}],"about":[{"href":"https:\/\/www.lentex.pl\/de\/wp-json\/wp\/v2\/types\/page"}],"author":[{"embeddable":true,"href":"https:\/\/www.lentex.pl\/de\/wp-json\/wp\/v2\/users\/1"}],"replies":[{"embeddable":true,"href":"https:\/\/www.lentex.pl\/de\/wp-json\/wp\/v2\/comments?post=623"}],"version-history":[{"count":15,"href":"https:\/\/www.lentex.pl\/de\/wp-json\/wp\/v2\/pages\/623\/revisions"}],"predecessor-version":[{"id":11708,"href":"https:\/\/www.lentex.pl\/de\/wp-json\/wp\/v2\/pages\/623\/revisions\/11708"}],"wp:featuredmedia":[{"embeddable":true,"href":"https:\/\/www.lentex.pl\/de\/wp-json\/wp\/v2\/media\/10575"}],"wp:attachment":[{"href":"https:\/\/www.lentex.pl\/de\/wp-json\/wp\/v2\/media?parent=623"}],"curies":[{"name":"wp","href":"https:\/\/api.w.org\/{rel}","templated":true}]}}