
{"id":625,"date":"2016-01-14T09:49:44","date_gmt":"2016-01-14T08:49:44","guid":{"rendered":"https:\/\/www.lentex.pl\/?page_id=625"},"modified":"2016-04-28T18:51:35","modified_gmt":"2016-04-28T16:51:35","slug":"maty-remontowe","status":"publish","type":"page","link":"https:\/\/www.lentex.pl\/de\/maty-remontowe\/","title":{"rendered":"Renovierungsmatten"},"content":{"rendered":"<p>Um den Erwartungen unserer Kunden gerecht zu werden, bieten wir moderne Renovierungsmatten.\u00a0Der Gebrauch unserer Matten ist bequem und sorgt f\u00fcr Sauberkeit, ist auch sicher f\u00fcr die Benutzer\u00a0und f\u00fcr die gesch\u00fctzten Oberfl\u00e4chen. Sie werden w\u00e4hrend der Renovierung als Schutz aller Arten\u00a0der B\u00f6den benutzt (Holzb\u00f6den, Laminatb\u00f6den, Bodenpaneele, Keramikfliesen und Terakottafliesen)\u00a0Dar\u00fcber hinaus k\u00f6nnen die Renovierungsmatten als Schutz der M\u00f6bel und der verschiedenen Ger\u00e4te\u00a0w\u00e4hrend des Transports sein.<\/p>\n<p>Dieses Produkt ist ein Laminat, das aus mehreren Schichten besteht, jede Schicht hat eine andere\u00a0Funktion. Die Folie stellt sicher, dass die gesch\u00fctzte Oberfl\u00e4che trocken bleibt. Dar\u00fcber hinaus\u00a0bietet die Matte die M\u00f6glichkeit der mehrfachen Benutzung, nach der Beendung der Arbeiten kann\u00a0man sie nass abwischen und noch mal benutzen. Die Vliesschicht sch\u00fctzt vor dem Sturz der Ger\u00e4te ,\u00a0reduziert das Risiko der Besch\u00e4digung des Bodens. Die Antirutschschicht sorgt f\u00fcr die Haftung des\u00a0Laminats und Sicherheit, sie begrenzt auch die M\u00f6glichkeit des Rutschens auf dem gesch\u00fctzten\u00a0Boden. Die Renovierungsmatten werden in den Standardbreiten 1m und 2m produziert.<\/p>\n","protected":false},"excerpt":{"rendered":"<p>Um den Erwartungen unserer Kunden gerecht zu werden, bieten wir moderne Renovierungsmatten.\u00a0Der Gebrauch unserer Matten ist bequem und sorgt f\u00fcr Sauberkeit, ist auch sicher f\u00fcr die Benutzer\u00a0und f\u00fcr die gesch\u00fctzten Oberfl\u00e4chen. Sie werden w\u00e4hrend der Renovierung als Schutz aller Arten\u00a0der B\u00f6den benutzt (Holzb\u00f6den, Laminatb\u00f6den, Bodenpaneele, Keramikfliesen und Terakottafliesen)\u00a0Dar\u00fcber hinaus k\u00f6nnen die Renovierungsmatten als Schutz der [&hellip;]<\/p>\n","protected":false},"author":1,"featured_media":10986,"parent":0,"menu_order":61,"comment_status":"closed","ping_status":"closed","template":"page-wlokniny-kategoria.php","meta":{"_acf_changed":false,"footnotes":""},"class_list":["post-625","page","type-page","status-publish","has-post-thumbnail","hentry"],"acf":[],"_links":{"self":[{"href":"https:\/\/www.lentex.pl\/de\/wp-json\/wp\/v2\/pages\/625","targetHints":{"allow":["GET"]}}],"collection":[{"href":"https:\/\/www.lentex.pl\/de\/wp-json\/wp\/v2\/pages"}],"about":[{"href":"https:\/\/www.lentex.pl\/de\/wp-json\/wp\/v2\/types\/page"}],"author":[{"embeddable":true,"href":"https:\/\/www.lentex.pl\/de\/wp-json\/wp\/v2\/users\/1"}],"replies":[{"embeddable":true,"href":"https:\/\/www.lentex.pl\/de\/wp-json\/wp\/v2\/comments?post=625"}],"version-history":[{"count":11,"href":"https:\/\/www.lentex.pl\/de\/wp-json\/wp\/v2\/pages\/625\/revisions"}],"predecessor-version":[{"id":11738,"href":"https:\/\/www.lentex.pl\/de\/wp-json\/wp\/v2\/pages\/625\/revisions\/11738"}],"wp:featuredmedia":[{"embeddable":true,"href":"https:\/\/www.lentex.pl\/de\/wp-json\/wp\/v2\/media\/10986"}],"wp:attachment":[{"href":"https:\/\/www.lentex.pl\/de\/wp-json\/wp\/v2\/media?parent=625"}],"curies":[{"name":"wp","href":"https:\/\/api.w.org\/{rel}","templated":true}]}}