
{"id":643,"date":"2016-01-14T10:09:53","date_gmt":"2016-01-14T09:09:53","guid":{"rendered":"https:\/\/www.lentex.pl\/?page_id=643"},"modified":"2016-04-28T18:50:32","modified_gmt":"2016-04-28T16:50:32","slug":"wodnoiglowane","status":"publish","type":"page","link":"https:\/\/www.lentex.pl\/de\/wodnoiglowane\/","title":{"rendered":"Wasserstrahlvliesstoff"},"content":{"rendered":"<p>Die Produktionstechnologie verwendet Technik des Hydroverwirrens , die Wassernadeln werden f\u00fcr die Verstrickung der Elementarfasern benutzt. Diese Vliesstoffe sind\u00a0 eins unserer wichtigsten Produkte weil sie f\u00fcr ihre hohe Qualit\u00e4t bekannt sind. Sie \u00e4hneln den Textilien, zeichnen sich durch hohe Festigkeit aus und haben gute mechanische Parameter und sie bewahren hohe \u00e4sthetische Eigenschaften.<\/p>\n<p>Diese Technologie erm\u00f6glicht die Herstellung von Vliesstoffen, die sich w\u00e4hrend des Produktionsprozesses anpassen,\u00a0 mit geringer Dicke, ohne die Verwendung zus\u00e4tzlicher Chemikalien. Ein wichtiges Merkmal dieser Produkte ist eine hohe Saugf\u00e4higkeit &#8211; oft ist das ein entscheidendes Differenzierungsmerkmal f\u00fcr den Endkunden .<\/p>\n","protected":false},"excerpt":{"rendered":"<p>Die Produktionstechnologie verwendet Technik des Hydroverwirrens , die Wassernadeln werden f\u00fcr die Verstrickung der Elementarfasern benutzt. Diese Vliesstoffe sind\u00a0 eins unserer wichtigsten Produkte weil sie f\u00fcr ihre hohe Qualit\u00e4t bekannt sind. Sie \u00e4hneln den Textilien, zeichnen sich durch hohe Festigkeit aus und haben gute mechanische Parameter und sie bewahren hohe \u00e4sthetische Eigenschaften. Diese Technologie erm\u00f6glicht [&hellip;]<\/p>\n","protected":false},"author":1,"featured_media":1526,"parent":0,"menu_order":62,"comment_status":"closed","ping_status":"closed","template":"page-wlokniny-kategoria.php","meta":{"_acf_changed":false,"footnotes":""},"class_list":["post-643","page","type-page","status-publish","has-post-thumbnail","hentry"],"acf":[],"_links":{"self":[{"href":"https:\/\/www.lentex.pl\/de\/wp-json\/wp\/v2\/pages\/643","targetHints":{"allow":["GET"]}}],"collection":[{"href":"https:\/\/www.lentex.pl\/de\/wp-json\/wp\/v2\/pages"}],"about":[{"href":"https:\/\/www.lentex.pl\/de\/wp-json\/wp\/v2\/types\/page"}],"author":[{"embeddable":true,"href":"https:\/\/www.lentex.pl\/de\/wp-json\/wp\/v2\/users\/1"}],"replies":[{"embeddable":true,"href":"https:\/\/www.lentex.pl\/de\/wp-json\/wp\/v2\/comments?post=643"}],"version-history":[{"count":23,"href":"https:\/\/www.lentex.pl\/de\/wp-json\/wp\/v2\/pages\/643\/revisions"}],"predecessor-version":[{"id":11737,"href":"https:\/\/www.lentex.pl\/de\/wp-json\/wp\/v2\/pages\/643\/revisions\/11737"}],"wp:featuredmedia":[{"embeddable":true,"href":"https:\/\/www.lentex.pl\/de\/wp-json\/wp\/v2\/media\/1526"}],"wp:attachment":[{"href":"https:\/\/www.lentex.pl\/de\/wp-json\/wp\/v2\/media?parent=643"}],"curies":[{"name":"wp","href":"https:\/\/api.w.org\/{rel}","templated":true}]}}