
{"id":650,"date":"2016-01-14T10:31:38","date_gmt":"2016-01-14T09:31:38","guid":{"rendered":"https:\/\/www.lentex.pl\/?page_id=650"},"modified":"2016-04-28T18:47:22","modified_gmt":"2016-04-28T16:47:22","slug":"chemiczne-laczone-plaskie-chemobondy","status":"publish","type":"page","link":"https:\/\/www.lentex.pl\/de\/chemiczne-laczone-plaskie-chemobondy\/","title":{"rendered":"Chemobond"},"content":{"rendered":"<p>Chemisch gebundene Vliesstoffe werden durch Verbindung der Stapelfasern mit der Hilfe des\u00a0Impr\u00e4gnierens mit dem chemischen Bindemittel erhalten. Zu dieser Technologie benutzen wir\u00a0haupts\u00e4chlich Viskose- und Polyesterfasern. Diese Vliesstoffe werden als Konfektionseinlagen in der\u00a0Filtration (Milchfilter, Filtration f\u00fcr \u00d6l-Emulsionen usw.) in der Automobilindustrie, oder im Sanit\u00e4r-\u00a0Hygienischen Bereich als Einwegt\u00fccher und Wischt\u00fccher verwendet.<\/p>\n","protected":false},"excerpt":{"rendered":"<p>Chemisch gebundene Vliesstoffe werden durch Verbindung der Stapelfasern mit der Hilfe des\u00a0Impr\u00e4gnierens mit dem chemischen Bindemittel erhalten. Zu dieser Technologie benutzen wir\u00a0haupts\u00e4chlich Viskose- und Polyesterfasern. Diese Vliesstoffe werden als Konfektionseinlagen in der\u00a0Filtration (Milchfilter, Filtration f\u00fcr \u00d6l-Emulsionen usw.) in der Automobilindustrie, oder im Sanit\u00e4r-\u00a0Hygienischen Bereich als Einwegt\u00fccher und Wischt\u00fccher verwendet.<\/p>\n","protected":false},"author":1,"featured_media":10995,"parent":0,"menu_order":65,"comment_status":"closed","ping_status":"closed","template":"page-wlokniny-kategoria.php","meta":{"_acf_changed":false,"footnotes":""},"class_list":["post-650","page","type-page","status-publish","has-post-thumbnail","hentry"],"acf":[],"_links":{"self":[{"href":"https:\/\/www.lentex.pl\/de\/wp-json\/wp\/v2\/pages\/650","targetHints":{"allow":["GET"]}}],"collection":[{"href":"https:\/\/www.lentex.pl\/de\/wp-json\/wp\/v2\/pages"}],"about":[{"href":"https:\/\/www.lentex.pl\/de\/wp-json\/wp\/v2\/types\/page"}],"author":[{"embeddable":true,"href":"https:\/\/www.lentex.pl\/de\/wp-json\/wp\/v2\/users\/1"}],"replies":[{"embeddable":true,"href":"https:\/\/www.lentex.pl\/de\/wp-json\/wp\/v2\/comments?post=650"}],"version-history":[{"count":9,"href":"https:\/\/www.lentex.pl\/de\/wp-json\/wp\/v2\/pages\/650\/revisions"}],"predecessor-version":[{"id":11734,"href":"https:\/\/www.lentex.pl\/de\/wp-json\/wp\/v2\/pages\/650\/revisions\/11734"}],"wp:featuredmedia":[{"embeddable":true,"href":"https:\/\/www.lentex.pl\/de\/wp-json\/wp\/v2\/media\/10995"}],"wp:attachment":[{"href":"https:\/\/www.lentex.pl\/de\/wp-json\/wp\/v2\/media?parent=650"}],"curies":[{"name":"wp","href":"https:\/\/api.w.org\/{rel}","templated":true}]}}