
{"id":654,"date":"2016-01-14T10:35:24","date_gmt":"2016-01-14T09:35:24","guid":{"rendered":"https:\/\/www.lentex.pl\/?page_id=654"},"modified":"2020-04-07T11:29:53","modified_gmt":"2020-04-07T09:29:53","slug":"wlokno-kulkowe-lentex-ball","status":"publish","type":"page","link":"https:\/\/www.lentex.pl\/de\/wlokno-kulkowe-lentex-ball\/","title":{"rendered":"Silikon- Faserkugel Lentex Ball"},"content":{"rendered":"<p>Faserkugel ist die moderne und leichte F\u00fcllung von den Kopfkissen, Jacken, \u201eTeddyb\u00e4ren\u201d und anderen textilen Artikeln. Das Granulat wird aus d\u00fcnnen silikonierten <span style=\"color: #323232; font-family: Lato; font-size: medium;\"><span lang=\"de\">PES-Fasern<\/span><\/span><span style=\"color: #323232; font-family: Lato; font-size: medium;\"><span lang=\"de\">\u00a0<\/span><\/span> hergestellt, welche in Kugeln mit ca. 0,5 cm Durchmesser formiert sind. Diese Fasern besitzen einen Luftkanal und sind zus\u00e4tzlich spiral gekr\u00e4uselt, was R\u00e4umlichkeit des Granulats, Flaumigkeit und Elastizit\u00e4t garantiert. Eine besonders gefragte Eigenschaft des Granulats, welche den h\u00f6chsten Komfort beim Schlaf gew\u00e4hrt, ist seine Anapassungsf\u00e4higkeit an die Kopfform. Dem Granulat wurde das \u00f6kologische Zertifikat verliehen, die Produkte sind antiallergisch.<\/p>\n<p>Ein anderes \u00e4hnliches Produkt ist Silikonf\u00fcllwatte, wir empfehlen diese Ware als F\u00fcllung der\u00a0Jacken, der Spielzeuge und der textilen Artikeln. Produkte mit Verwendung des Granulats k\u00f6nnen\u00a0mechanisch gewaschen werden, dabei bleiben ihre Nutzeigenschaften v\u00f6llig erhalten. Wir reagieren\u00a0auf die Bed\u00fcrfnisse der Kunden, indem wir dieses Produkt in die verschiedenen Verpackungen: 10 kg\u00a0und 25 kg packen. Diese Produkte: Silikonfaserkugeln und Silikonf\u00fcllwatte k\u00f6nnen auf Wunsch des\u00a0Kunden f\u00fcr die Zeit des Transports komprimiert werden, was die Logistik erleichtert.<\/p>\n","protected":false},"excerpt":{"rendered":"<p>Faserkugel ist die moderne und leichte F\u00fcllung von den Kopfkissen, Jacken, \u201eTeddyb\u00e4ren\u201d und anderen textilen Artikeln. Das Granulat wird aus d\u00fcnnen silikonierten PES-Fasern\u00a0 hergestellt, welche in Kugeln mit ca. 0,5 cm Durchmesser formiert sind. Diese Fasern besitzen einen Luftkanal und sind zus\u00e4tzlich spiral gekr\u00e4uselt, was R\u00e4umlichkeit des Granulats, Flaumigkeit und Elastizit\u00e4t garantiert. Eine besonders gefragte [&hellip;]<\/p>\n","protected":false},"author":1,"featured_media":10575,"parent":0,"menu_order":67,"comment_status":"closed","ping_status":"closed","template":"page-wlokniny-kategoria.php","meta":{"_acf_changed":false,"footnotes":""},"class_list":["post-654","page","type-page","status-publish","has-post-thumbnail","hentry"],"acf":[],"_links":{"self":[{"href":"https:\/\/www.lentex.pl\/de\/wp-json\/wp\/v2\/pages\/654","targetHints":{"allow":["GET"]}}],"collection":[{"href":"https:\/\/www.lentex.pl\/de\/wp-json\/wp\/v2\/pages"}],"about":[{"href":"https:\/\/www.lentex.pl\/de\/wp-json\/wp\/v2\/types\/page"}],"author":[{"embeddable":true,"href":"https:\/\/www.lentex.pl\/de\/wp-json\/wp\/v2\/users\/1"}],"replies":[{"embeddable":true,"href":"https:\/\/www.lentex.pl\/de\/wp-json\/wp\/v2\/comments?post=654"}],"version-history":[{"count":18,"href":"https:\/\/www.lentex.pl\/de\/wp-json\/wp\/v2\/pages\/654\/revisions"}],"predecessor-version":[{"id":12716,"href":"https:\/\/www.lentex.pl\/de\/wp-json\/wp\/v2\/pages\/654\/revisions\/12716"}],"wp:featuredmedia":[{"embeddable":true,"href":"https:\/\/www.lentex.pl\/de\/wp-json\/wp\/v2\/media\/10575"}],"wp:attachment":[{"href":"https:\/\/www.lentex.pl\/de\/wp-json\/wp\/v2\/media?parent=654"}],"curies":[{"name":"wp","href":"https:\/\/api.w.org\/{rel}","templated":true}]}}