
{"id":677,"date":"2016-01-14T11:12:11","date_gmt":"2016-01-14T10:12:11","guid":{"rendered":"https:\/\/www.lentex.pl\/?page_id=677"},"modified":"2016-02-29T07:58:07","modified_gmt":"2016-02-29T06:58:07","slug":"jakosc-produkcji","status":"publish","type":"page","link":"https:\/\/www.lentex.pl\/ru\/jakosc-produkcji\/","title":{"rendered":"Jako\u015b\u0107 produkcji"},"content":{"rendered":"<p>Lentex jest producentem sk\u0142adaj\u0105cych si\u0119 z kilku wyra\u017anych warstw wyk\u0142adzin heterogenicznych. W trosce o wysok\u0105 jako\u015b\u0107\u00a0produkcji wyr\u00f3b wyk\u0142adziny zaczyna si\u0119 jej od rdzenia, kt\u00f3rym jest welon szklany. <\/p>\n<p>Na pocz\u0105tku produkcji przygotowywane s\u0105 odpowiednie pasty powstaj\u0105ce z PCV, jego rozpuszczalnik\u00f3w i dodatk\u00f3w, poprawiaj\u0105cych w\u0142a\u015bciwo\u015bci produktu. Przygotowana pasta dostarczana jest na ci\u0105g produkcyjny, gdzie za pomoc\u0105 pomp podaje si\u0119 j\u0105 na welon. Odpowiednio ustawiony n\u00f3\u017c raklowy zapewnia wymagan\u0105 grubo\u015b\u0107 dla ka\u017cdej naniesionej pasty, tak aby finalny produkt posiada\u0142 odpowiednie parametry. <\/p>\n<p>Produkcja przebiega w trzech etapach. Pierwszym jest zagruntowanie welonu szklanego oraz na\u0142o\u017cenie warstwy przeznaczonej pod zadruk. Tak przygotowany p\u00f3\u0142produkt trafia do drukarki, gdzie nanoszony jest wz\u00f3r. Ostatni etap to po\u0142o\u017cenie od spodu warstwy spienianej zapewniaj\u0105cej mi\u0119kko\u015b\u0107 wyk\u0142adziny oraz warstwy kryj\u0105cej, kt\u00f3ra zabezpiecza wyk\u0142adzin\u0119 przed zniszczeniem. W ostatnim etapie produkt trafia na przegl\u0105dark\u0119, gdzie jest klasyfikowany (usuwane s\u0105 wszelkie uszkodzenia powsta\u0142e podczas produkcji), a nast\u0119pnie ci\u0119ty na rolki o ustandaryzowanych nawojach.<\/p>\n","protected":false},"excerpt":{"rendered":"<p>Lentex jest producentem sk\u0142adaj\u0105cych si\u0119 z kilku wyra\u017anych warstw wyk\u0142adzin heterogenicznych. W trosce o wysok\u0105 jako\u015b\u0107\u00a0produkcji wyr\u00f3b wyk\u0142adziny zaczyna si\u0119 jej od rdzenia, kt\u00f3rym jest welon szklany. Na pocz\u0105tku produkcji przygotowywane s\u0105 odpowiednie pasty powstaj\u0105ce z PCV, jego rozpuszczalnik\u00f3w i dodatk\u00f3w, poprawiaj\u0105cych w\u0142a\u015bciwo\u015bci produktu. Przygotowana pasta dostarczana jest na ci\u0105g produkcyjny, gdzie za pomoc\u0105 pomp [&hellip;]<\/p>\n","protected":false},"author":1,"featured_media":0,"parent":0,"menu_order":72,"comment_status":"closed","ping_status":"closed","template":"page-wykladziny-kategoria.php","meta":{"_acf_changed":false,"footnotes":""},"class_list":["post-677","page","type-page","status-publish","hentry"],"acf":[],"_links":{"self":[{"href":"https:\/\/www.lentex.pl\/ru\/wp-json\/wp\/v2\/pages\/677","targetHints":{"allow":["GET"]}}],"collection":[{"href":"https:\/\/www.lentex.pl\/ru\/wp-json\/wp\/v2\/pages"}],"about":[{"href":"https:\/\/www.lentex.pl\/ru\/wp-json\/wp\/v2\/types\/page"}],"author":[{"embeddable":true,"href":"https:\/\/www.lentex.pl\/ru\/wp-json\/wp\/v2\/users\/1"}],"replies":[{"embeddable":true,"href":"https:\/\/www.lentex.pl\/ru\/wp-json\/wp\/v2\/comments?post=677"}],"version-history":[{"count":9,"href":"https:\/\/www.lentex.pl\/ru\/wp-json\/wp\/v2\/pages\/677\/revisions"}],"predecessor-version":[{"id":11180,"href":"https:\/\/www.lentex.pl\/ru\/wp-json\/wp\/v2\/pages\/677\/revisions\/11180"}],"wp:attachment":[{"href":"https:\/\/www.lentex.pl\/ru\/wp-json\/wp\/v2\/media?parent=677"}],"curies":[{"name":"wp","href":"https:\/\/api.w.org\/{rel}","templated":true}]}}