
{"id":652,"date":"2016-01-14T10:33:19","date_gmt":"2016-01-14T09:33:19","guid":{"rendered":"https:\/\/www.lentex.pl\/?page_id=652"},"modified":"2016-04-29T21:27:17","modified_gmt":"2016-04-29T19:27:17","slug":"iglowane-mechanicznie","status":"publish","type":"page","link":"https:\/\/www.lentex.pl\/ua\/iglowane-mechanicznie\/","title":{"rendered":"\u043c\u0435\u0445\u0430\u043d\u0456\u0447\u043d\u043e \u043f\u0440\u043e\u0448\u0438\u0442\u043e\u0433\u043e"},"content":{"rendered":"<p>W\u0142\u00f3kniny ig\u0142owane mechanicznie uzyskuje si\u0119\u00a0 poprzez mechaniczne \u0142\u0105czenie w\u0142\u00f3kien. W trakcie procesu produkcji runo w\u0142\u00f3kninowe zostaje przeszyte wysokowytrzyma\u0142ymi specjalistycznymi ig\u0142ami. Proces ten pozwala na\u00a0 uzyskanie w\u0142\u00f3kniny o zag\u0119szczonej strukturze, posiadaj\u0105c\u0105 odpowiednie parametry wytrzyma\u0142o\u015bciowe.<\/p>\n","protected":false},"excerpt":{"rendered":"<p>W\u0142\u00f3kniny ig\u0142owane mechanicznie uzyskuje si\u0119\u00a0 poprzez mechaniczne \u0142\u0105czenie w\u0142\u00f3kien. W trakcie procesu produkcji runo w\u0142\u00f3kninowe zostaje przeszyte wysokowytrzyma\u0142ymi specjalistycznymi ig\u0142ami. Proces ten pozwala na\u00a0 uzyskanie w\u0142\u00f3kniny o zag\u0119szczonej strukturze, posiadaj\u0105c\u0105 odpowiednie parametry wytrzyma\u0142o\u015bciowe.<\/p>\n","protected":false},"author":1,"featured_media":10994,"parent":0,"menu_order":67,"comment_status":"closed","ping_status":"closed","template":"page-wlokniny-kategoria.php","meta":{"_acf_changed":false,"footnotes":""},"class_list":["post-652","page","type-page","status-publish","has-post-thumbnail","hentry"],"acf":[],"_links":{"self":[{"href":"https:\/\/www.lentex.pl\/ua\/wp-json\/wp\/v2\/pages\/652","targetHints":{"allow":["GET"]}}],"collection":[{"href":"https:\/\/www.lentex.pl\/ua\/wp-json\/wp\/v2\/pages"}],"about":[{"href":"https:\/\/www.lentex.pl\/ua\/wp-json\/wp\/v2\/types\/page"}],"author":[{"embeddable":true,"href":"https:\/\/www.lentex.pl\/ua\/wp-json\/wp\/v2\/users\/1"}],"replies":[{"embeddable":true,"href":"https:\/\/www.lentex.pl\/ua\/wp-json\/wp\/v2\/comments?post=652"}],"version-history":[{"count":8,"href":"https:\/\/www.lentex.pl\/ua\/wp-json\/wp\/v2\/pages\/652\/revisions"}],"predecessor-version":[{"id":11740,"href":"https:\/\/www.lentex.pl\/ua\/wp-json\/wp\/v2\/pages\/652\/revisions\/11740"}],"wp:featuredmedia":[{"embeddable":true,"href":"https:\/\/www.lentex.pl\/ua\/wp-json\/wp\/v2\/media\/10994"}],"wp:attachment":[{"href":"https:\/\/www.lentex.pl\/ua\/wp-json\/wp\/v2\/media?parent=652"}],"curies":[{"name":"wp","href":"https:\/\/api.w.org\/{rel}","templated":true}]}}